{"id":924,"date":"2024-01-29T17:27:01","date_gmt":"2024-01-29T16:27:01","guid":{"rendered":"https:\/\/pafile.it\/ponte-en-contacto-con\/"},"modified":"2025-07-07T11:54:00","modified_gmt":"2025-07-07T09:54:00","slug":"contacto","status":"publish","type":"page","link":"https:\/\/pafile.it\/es\/contacto\/","title":{"rendered":"Contacto"},"content":{"rendered":"<div>\n\n<div class=\"slideshow testata\" uk-slideshow=\"animation: fade;autoplay-interval: 5000\">\n\n    <div class=\"uk-position-relative uk-visible-toggle\">\n\n        <ul class=\"uk-slideshow-items \" >\n        \n            <li>\n\n                \n                    \n                                        <div class=\"uk-margin\"><div class=\"slide\">\n<img decoding=\"async\" class=\"sfondo\" src=\"\/wp-content\/uploads\/images\/testata-contatti.jpg\" \/>\n<\/div><\/div>\n                    \n                    \n                \n            <\/li>\n\n                <\/ul>\n\n        \n                        <div class=\"uk-light\">\n            \n                <a href=\"#\" class=\"uk-position-center-left uk-position-small uk-hidden-hover\" uk-slidenav-previous uk-slideshow-item=\"previous\"><\/a>\n                <a href=\"#\" class=\"uk-position-center-right uk-position-small uk-hidden-hover\" uk-slidenav-next uk-slideshow-item=\"next\"><\/a>\n\n                        <\/div>\n            \n        \n                <div class=\"uk-overlay uk-position-bottom uk-light\">\n            \n<ul class=\"uk-dotnav uk-flex-center\" uk-margin>\n    <li uk-slideshow-item=\"0\"><a href=\"#\">1<\/a><\/li>\n<\/ul>\n        <\/div>\n        \n    <\/div>\n\n    \n<\/div>\n<\/div>\n<h1>Contacto<\/h1>\n<div>\n<style id=\"wpforms-css-vars-1292\">\n\t\t\t\t#wpforms-1292 {\n\t\t\t\t--wpforms-container-padding: 0px;\n--wpforms-container-border-width: 1px;\n--wpforms-container-border-radius: 3px;\n--wpforms-background-color: rgba(0, 0, 0, 0);\n--wpforms-field-size-input-height: 43px;\n--wpforms-field-size-input-spacing: 15px;\n--wpforms-field-size-font-size: 16px;\n--wpforms-field-size-line-height: 19px;\n--wpforms-field-size-padding-h: 14px;\n--wpforms-field-size-checkbox-size: 16px;\n--wpforms-field-size-sublabel-spacing: 5px;\n--wpforms-field-size-icon-size: 1;\n--wpforms-label-size-font-size: 16px;\n--wpforms-label-size-line-height: 19px;\n--wpforms-label-size-sublabel-font-size: 14px;\n--wpforms-label-size-sublabel-line-height: 17px;\n--wpforms-button-size-font-size: 17px;\n--wpforms-button-size-height: 41px;\n--wpforms-button-size-padding-h: 15px;\n--wpforms-button-size-margin-top: 10px;\n--wpforms-container-shadow-size-box-shadow: none;\n\t\t\t}\n\t\t\t<\/style><div class=\"wpforms-container wpforms-container-full wpforms-render-modern\" id=\"wpforms-1292\"><form id=\"wpforms-form-1292\" class=\"wpforms-validate wpforms-form wpforms-ajax-form\" data-formid=\"1292\" method=\"post\" enctype=\"multipart\/form-data\" action=\"\/es\/wp-json\/wp\/v2\/pages\/924\" data-token=\"3dd7a0f574c8e1c7ce7796895550751a\" data-token-time=\"1778844197\"><noscript class=\"wpforms-error-noscript\">Por favor, activa JavaScript en tu navegador para completar este formulario.<\/noscript><div id=\"wpforms-error-noscript\" style=\"display: none;\">Por favor, activa JavaScript en tu navegador para completar este formulario.<\/div><div class=\"wpforms-field-container\"><div id=\"wpforms-1292-field_1-container\" class=\"wpforms-field wpforms-field-name wpforms-one-half wpforms-first\" data-field-id=\"1\"><label class=\"wpforms-field-label\" for=\"wpforms-1292-field_1\">Nombre <span class=\"wpforms-required-label\" aria-hidden=\"true\">*<\/span><\/label><input type=\"text\" id=\"wpforms-1292-field_1\" class=\"wpforms-field-large wpforms-field-required\" name=\"wpforms[fields][1]\" aria-errormessage=\"wpforms-1292-field_1-error\" required><\/div><div id=\"wpforms-1292-field_6-container\" class=\"wpforms-field wpforms-field-name wpforms-one-half\" data-field-id=\"6\"><label class=\"wpforms-field-label\" for=\"wpforms-1292-field_6\">Apellido <span class=\"wpforms-required-label\" aria-hidden=\"true\">*<\/span><\/label><input type=\"text\" id=\"wpforms-1292-field_6\" class=\"wpforms-field-large wpforms-field-required\" name=\"wpforms[fields][6]\" aria-errormessage=\"wpforms-1292-field_6-error\" required><\/div><div id=\"wpforms-1292-field_2-container\" class=\"wpforms-field wpforms-field-email\" data-field-id=\"2\"><label class=\"wpforms-field-label\" for=\"wpforms-1292-field_2\">Env\u00eda un correo electr\u00f3nico a <span class=\"wpforms-required-label\" aria-hidden=\"true\">*<\/span><\/label><input type=\"email\" id=\"wpforms-1292-field_2\" class=\"wpforms-field-large wpforms-field-required\" name=\"wpforms[fields][2]\" spellcheck=\"false\" aria-errormessage=\"wpforms-1292-field_2-error\" required><\/div><div id=\"wpforms-1292-field_4-container\" class=\"wpforms-field wpforms-field-text\" data-field-id=\"4\"><label class=\"wpforms-field-label\" for=\"wpforms-1292-field_4\">Asunto<\/label><input type=\"text\" id=\"wpforms-1292-field_4\" class=\"wpforms-field-large\" name=\"wpforms[fields][4]\" aria-errormessage=\"wpforms-1292-field_4-error\" ><\/div>\t\t<div id=\"wpforms-1292-field_7-container\"\n\t\t\tclass=\"wpforms-field wpforms-field-text\"\n\t\t\tdata-field-type=\"text\"\n\t\t\tdata-field-id=\"7\"\n\t\t\t>\n\t\t\t<label class=\"wpforms-field-label\" for=\"wpforms-1292-field_7\" >Asunto un electr\u00f3nico<\/label>\n\t\t\t<input type=\"text\" id=\"wpforms-1292-field_7\" class=\"wpforms-field-medium\" name=\"wpforms[fields][7]\" >\n\t\t<\/div>\n\t\t<div id=\"wpforms-1292-field_3-container\" class=\"wpforms-field wpforms-field-textarea\" data-field-id=\"3\"><label class=\"wpforms-field-label\" for=\"wpforms-1292-field_3\">Mensaje <span class=\"wpforms-required-label\" aria-hidden=\"true\">*<\/span><\/label><textarea id=\"wpforms-1292-field_3\" class=\"wpforms-field-medium wpforms-field-required\" name=\"wpforms[fields][3]\" aria-errormessage=\"wpforms-1292-field_3-error\" required><\/textarea><\/div><div id=\"wpforms-1292-field_5-container\" class=\"wpforms-field wpforms-field-checkbox\" data-field-id=\"5\"><fieldset><legend class=\"wpforms-field-label wpforms-label-hide\" aria-hidden=\"false\">Casillas de verificaci\u00f3n <span class=\"wpforms-required-label\" aria-hidden=\"true\">*<\/span><\/legend><ul id=\"wpforms-1292-field_5\" class=\"wpforms-field-required\"><li class=\"choice-1 depth-1\"><input type=\"checkbox\" id=\"wpforms-1292-field_5_1\" name=\"wpforms[fields][5][]\" value=\"Declaro que he le\u00eddo la &lt;a href=&quot;%C2%ABhttps:\/\/pafile.it\/es\/declaracion-de-privacidad-ue&quot;&gt;Declaraci\u00f3n de privacidad&lt;\/a&gt; y doy mi consentimiento para el tratamiento de mis datos\" aria-errormessage=\"wpforms-1292-field_5_1-error\" required ><label class=\"wpforms-field-label-inline\" for=\"wpforms-1292-field_5_1\">Declaro que he le\u00eddo la <a href=\"\/\/pafile.it\/es\/declaracion-de-privacidad-ue\">Declaraci\u00f3n de privacidad<\/a> y doy mi consentimiento para el tratamiento de mis datos<\/label><\/li><\/ul><\/fieldset><\/div><script>\n\t\t\t\t( function() {\n\t\t\t\t\tconst style = document.createElement( 'style' );\n\t\t\t\t\tstyle.appendChild( document.createTextNode( '#wpforms-1292-field_7-container { position: absolute !important; overflow: hidden !important; display: inline !important; height: 1px !important; width: 1px !important; z-index: -1000 !important; padding: 0 !important; } #wpforms-1292-field_7-container input { visibility: hidden; } #wpforms-conversational-form-page #wpforms-1292-field_7-container label { counter-increment: none; }' ) );\n\t\t\t\t\tdocument.head.appendChild( style );\n\t\t\t\t\tdocument.currentScript?.remove();\n\t\t\t\t} )();\n\t\t\t<\/script><\/div><!-- .wpforms-field-container --><div class=\"wpforms-submit-container\" ><input type=\"hidden\" name=\"wpforms[id]\" value=\"1292\"><input type=\"hidden\" name=\"page_title\" value=\"\"><input type=\"hidden\" name=\"page_url\" value=\"https:\/\/pafile.it\/es\/wp-json\/wp\/v2\/pages\/924\"><input type=\"hidden\" name=\"url_referer\" value=\"\"><button type=\"submit\" name=\"wpforms[submit]\" id=\"wpforms-submit-1292\" class=\"wpforms-submit\" data-alt-text=\"Enviando...\" data-submit-text=\"Enviar\" aria-live=\"assertive\" value=\"wpforms-submit\">Enviar<\/button><img loading=\"lazy\" decoding=\"async\" src=\"https:\/\/pafile.it\/wp-content\/plugins\/wpforms-lite\/assets\/images\/submit-spin.svg\" class=\"wpforms-submit-spinner\" style=\"display: none;\" width=\"26\" height=\"26\" alt=\"Cargando\"><\/div><\/form><\/div>  <!-- .wpforms-container -->\n<hr>\n<p style=\"margin-top:2em;\">No dude en ponerse en contacto con nosotros para cualquier consulta o aclaraci\u00f3n utilizando el <strong>formulario de contacto<\/strong> o los n\u00fameros de tel\u00e9fono que figuran.<\/p>\n<\/div>\n<div>\n<p style=\"margin-top:2em;\"><strong class=\"txt-colore1\">Sede central y dep\u00f3sitos<\/strong>:<br \/>\nVia Trento 35\/37 36042 Breganze (VI)\u00a0&#8211;\u00a0Italia<\/p>\n<p>Tel. <strong><a href=\"tel:+390445300018\">+39 0445  300018<\/a><\/strong><br \/>\nFax  <strong><a href=\"tel:+390445307623\">+39 0445  307623<\/a><\/strong>\n<\/p>\n<hr>\n<p><strong class=\"txt-colore1\">Delegaci\u00f3n Ib\u00e9rica:<\/strong><br \/>\n\u00a1Nueva ubicaci\u00f3n en los pr\u00f3ximos meses en Barcelona!\n<\/p>\n<p><em>Edoardo<\/em><br \/>\nCel.  <strong><a href=\"tel:+393483229406\">+39 348 3229406<\/a><\/strong>\n<\/p>\n<hr\/>\n<div class=\"sociali\" style=\"text-align:center; float:left;\">\n    <a href=\"https:\/\/www.linkedin.com\/company\/pafile\/\" target=\"_blank\" rel=\"noopener\"><span class=\"icon-linkedin\"><\/span><\/a><br \/>\n\t<a href=\"mailto:info@pafile.it?subject=Email%20inviata%20dalla%20homepage%20di%20Pafile.it\"><span class=\"icon-mail\"><\/span><\/a>\n<\/div>\n<\/div>\n<p><!--more--><br \/>\n<!-- {\"type\":\"layout\",\"children\":[{\"type\":\"section\",\"props\":{\"image_position\":\"center-center\",\"padding\":\"none\",\"style\":\"default\",\"title_breakpoint\":\"xl\",\"title_position\":\"top-left\",\"title_rotation\":\"left\",\"vertical_align\":\"middle\",\"width\":\"\"},\"children\":[{\"type\":\"row\",\"children\":[{\"type\":\"column\",\"props\":{\"image_position\":\"center-center\",\"position_sticky_breakpoint\":\"m\"},\"children\":[{\"type\":\"html\",\"props\":{\"content\":\"[widgetkit id=\\\"21\\\"]\"}}]}]}],\"name\":\"Testata\"},{\"type\":\"section\",\"props\":{\"class\":\"prodotto-intro\",\"image_position\":\"center-center\",\"padding_remove_bottom\":true,\"style\":\"default\",\"title_breakpoint\":\"xl\",\"title_position\":\"top-left\",\"title_rotation\":\"left\",\"vertical_align\":\"middle\",\"width\":\"\"},\"children\":[{\"type\":\"row\",\"props\":{\"match\":false},\"children\":[{\"type\":\"column\",\"props\":{\"image_position\":\"top-left\",\"position_sticky_breakpoint\":\"m\"},\"children\":[{\"type\":\"headline\",\"props\":{\"content\":\"Contacto\",\"margin_remove_bottom\":true,\"text_align\":\"center\",\"title_element\":\"h1\"},\"name\":\"Titolo\"}]}]}],\"name\":\"Descrizione prodotto\"},{\"type\":\"section\",\"props\":{\"image_position\":\"center-center\",\"padding\":\"small\",\"padding_remove_top\":false,\"style\":\"default\",\"title_breakpoint\":\"xl\",\"title_position\":\"top-left\",\"title_rotation\":\"left\",\"vertical_align\":\"middle\",\"width\":\"default\"},\"children\":[{\"type\":\"row\",\"props\":{\"column_gap\":\"large\",\"layout\":\"1-2,1-2\"},\"children\":[{\"type\":\"column\",\"props\":{\"image_position\":\"center-center\",\"position_sticky_breakpoint\":\"m\",\"width_medium\":\"1-2\"},\"children\":[{\"type\":\"html\",\"props\":{\"content\":\"[wpforms id=\\\"1292\\\"]\\n\n\n<hr>\n\n\\n\n\n<p style=\\\"margin-top:2em;\\\">No dude en ponerse en contacto con nosotros para cualquier consulta o aclaraci\\u00f3n utilizando el <strong>formulario de contacto<\\\/strong> o los n\\u00fameros de tel\\u00e9fono que figuran.<\\\/p>\"}}]},{\"type\":\"column\",\"props\":{\"image_position\":\"center-center\",\"position_sticky_breakpoint\":\"m\",\"vertical_align\":\"middle\",\"width_medium\":\"1-2\"},\"children\":[{\"type\":\"widgetkit\",\"props\":{\"link_style\":\"default\",\"margin\":\"default\",\"title_decoration\":\"bullet\",\"title_element\":\"h2\",\"title_style\":\"h3\",\"widget\":\"22\"}},{\"type\":\"html\",\"props\":{\"content\":\"\n\n<p style=\\\"margin-top:2em;\\\"><strong class=\\\"txt-colore1\\\">Sede central y dep\\u00f3sitos<\\\/strong>:<br \/>\\nVia Trento 35\\\/37 36042 Breganze (VI)\\u00a0-\\u00a0Italia<\\\/p>\\n\n\n<p>Tel. <strong><a href=\\\"tel:+390445300018\\\">+39 0445  300018<\\\/a><\\\/strong><br \/>\\nFax  <strong><a href=\\\"tel:+390445307623\\\">+39 0445  307623<\\\/a><\\\/strong>\\n<\\\/p>\\n\n\n<hr>\n\n\\n\n\n<p><strong class=\\\"txt-colore1\\\">Delegaci\\u00f3n Ib\\u00e9rica:<\\\/strong><br \/>\\n\\u00a1Nueva ubicaci\\u00f3n en los pr\\u00f3ximos meses en Barcelona!\\n<\\\/p>\\n\n\n<p><em>Edoardo<\\\/em><br \/>\\nCel.  <strong><a href=\\\"tel:+393483229406\\\">+39 348 3229406<\\\/a><\\\/strong>\\n<\\\/p>\\n<hr\\\/>\\n\n\n<div class=\\\"sociali\\\" style=\\\"text-align:center; float:left;\\\"> \\n    <a href=\\\"https:\\\/\\\/www.linkedin.com\\\/company\\\/pafile\\\/\\\" target=\\\"_blank\\\" rel=\\\"noopener\\\"><span class=\\\"icon-linkedin\\\"><\\\/span><\\\/a> \\n\\t<a href=\\\"mailto:info@pafile.it?subject=Email%20inviata%20dalla%20homepage%20di%20Pafile.it\\\"><span class=\\\"icon-mail\\\"><\\\/span><\\\/a>\\n<\\\/div>\\n\"}}]}]}]}],\"version\":\"4.3.5\"} --><\/p>\n","protected":false},"excerpt":{"rendered":"<p>Contacto No dude en ponerse en contacto con nosotros para cualquier consulta o aclaraci\u00f3n utilizando el formulario de contacto o los n\u00fameros de tel\u00e9fono que figuran. Sede central y dep\u00f3sitos: Via Trento 35\/37 36042 Breganze (VI)\u00a0&#8211;\u00a0Italia Tel. +39 0445 300018 Fax +39 0445 307623 Delegaci\u00f3n Ib\u00e9rica: \u00a1Nueva ubicaci\u00f3n en los pr\u00f3ximos meses en Barcelona! Edoardo [&hellip;]<\/p>\n","protected":false},"author":1,"featured_media":0,"parent":0,"menu_order":0,"comment_status":"closed","ping_status":"closed","template":"","meta":{"footnotes":""},"class_list":["post-924","page","type-page","status-publish","hentry"],"_links":{"self":[{"href":"https:\/\/pafile.it\/es\/wp-json\/wp\/v2\/pages\/924","targetHints":{"allow":["GET"]}}],"collection":[{"href":"https:\/\/pafile.it\/es\/wp-json\/wp\/v2\/pages"}],"about":[{"href":"https:\/\/pafile.it\/es\/wp-json\/wp\/v2\/types\/page"}],"author":[{"embeddable":true,"href":"https:\/\/pafile.it\/es\/wp-json\/wp\/v2\/users\/1"}],"replies":[{"embeddable":true,"href":"https:\/\/pafile.it\/es\/wp-json\/wp\/v2\/comments?post=924"}],"version-history":[{"count":9,"href":"https:\/\/pafile.it\/es\/wp-json\/wp\/v2\/pages\/924\/revisions"}],"predecessor-version":[{"id":1438,"href":"https:\/\/pafile.it\/es\/wp-json\/wp\/v2\/pages\/924\/revisions\/1438"}],"wp:attachment":[{"href":"https:\/\/pafile.it\/es\/wp-json\/wp\/v2\/media?parent=924"}],"curies":[{"name":"wp","href":"https:\/\/api.w.org\/{rel}","templated":true}]}}