{"id":925,"date":"2024-01-29T16:41:59","date_gmt":"2024-01-29T15:41:59","guid":{"rendered":"https:\/\/pafile.it\/sobre-nosotros\/"},"modified":"2025-11-27T19:28:48","modified_gmt":"2025-11-27T18:28:48","slug":"sobre-nosotros","status":"publish","type":"page","link":"https:\/\/pafile.it\/es\/sobre-nosotros\/","title":{"rendered":"Sobre nosotros"},"content":{"rendered":"<h1>PAFILE SRL<\/h1>\n<div>\n<p><img decoding=\"async\" src=\"http:\/\/pafile.it\/wp-content\/images\/chisiamo-esp.jpg\" alt=\"\" class=\"size-medium wp-image-587 alignleft\" style=\"margin-bottom:1em; width:400px;\"\/>Nos dirigimos a quienes desean aumentar su negocio con sistemas de aislamiento de alta calidad y rendimiento duradero. Nuestra empresa produce y selecciona sistemas de aislamiento t\u00e9rmico dise\u00f1ados para profesionales de la nueva construcci\u00f3n e ideales para todos aquellos edificios que requieran un ahorro energ\u00e9tico concreto y eficaz, de modo que se pueda garantizar un entorno m\u00e1s confortable y saludable, as\u00ed como un beneficio para los usuarios.<\/p>\n<p>Nuestros aislantes estrella se eligen cuidadosamente para que funcionen como un bloqueo t\u00e9rmico de las p\u00e9rdidas de la arquitectura antigua o mal apantallada, y se caracterizan por un elevado coeficiente de aislamiento t\u00e9rmico y ac\u00fastico, as\u00ed como por una larga vida \u00fatil. Distribuimos en todo el pa\u00eds desde 2015 gracias a una red de agentes especializada y en constante crecimiento.<\/p>\n<p>Sabemos que elegir el sistema de aislamiento t\u00e9rmico adecuado para tu vivienda o edificio puede ser dif\u00edcil. Por eso nos comprometemos a ofrecer a nuestros clientes la m\u00e1xima transparencia, proporcionando informaci\u00f3n detallada sobre nuestros productos y asegurando las m\u00e1ximas garant\u00edas de durabilidad y certificaciones de rendimiento.<\/p>\n<p>Somos conscientes del impacto medioambiental de los materiales utilizados en el mundo de la construcci\u00f3n, y por eso ofrecemos materiales respetuosos con el medio ambiente, o muy sostenibles, como alternativa sin comprometer la salud de nuestro planeta.<\/p>\n<p>Pafile puede garantizar una vida \u00fatil m\u00ednima de 10 a\u00f1os para sus productos y, en caso contrario, est\u00e1 dispuesta a ofrecer un servicio inmediato para garantizar la m\u00e1xima satisfacci\u00f3n del cliente.<\/p>\n<\/div>\n<div>\n<div class=\"media video container\">\n<iframe src=\"https:\/\/www.youtube.com\/embed\/9X_HiLZaPdY?si=MKITEBkLDg7jXp4w\" title=\"YouTube video player\" frameborder=\"0\" allow=\"accelerometer; autoplay; clipboard-write; encrypted-media; gyroscope; picture-in-picture; web-share\" referrerpolicy=\"strict-origin-when-cross-origin\" allowfullscreen><\/iframe>\n<\/div>\n<\/div>\n<p><!--more--><br \/>\n<!-- {\"type\":\"layout\",\"children\":[{\"type\":\"section\",\"props\":{\"class\":\"prodotto-intro\",\"image_position\":\"center-center\",\"style\":\"default\",\"title_breakpoint\":\"xl\",\"title_position\":\"top-left\",\"title_rotation\":\"left\",\"vertical_align\":\"middle\",\"width\":\"default\"},\"children\":[{\"type\":\"row\",\"props\":{\"match\":false},\"children\":[{\"type\":\"column\",\"props\":{\"image_position\":\"top-left\",\"position_sticky_breakpoint\":\"m\"},\"children\":[{\"type\":\"headline\",\"props\":{\"content\":\"PAFILE SRL\",\"text_align\":\"center\",\"title_element\":\"h1\"},\"name\":\"Nome prodotto\"},{\"type\":\"text\",\"props\":{\"class\":\"corpo120\",\"column_breakpoint\":\"m\",\"content\":\"\n\n<p><img src=\\\"http:\\\/\\\/pafile.it\\\/wp-content\\\/images\\\/chisiamo-esp.jpg\\\" alt=\\\"\\\" class=\\\"size-medium wp-image-587 alignleft\\\" style=\\\"margin-bottom:1em; width:400px;\\\"\\\/>Nos dirigimos a quienes desean aumentar su negocio con sistemas de aislamiento de alta calidad y rendimiento duradero. Nuestra empresa produce y selecciona sistemas de aislamiento t\\u00e9rmico dise\\u00f1ados para profesionales de la nueva construcci\\u00f3n e ideales para todos aquellos edificios que requieran un ahorro energ\\u00e9tico concreto y eficaz, de modo que se pueda garantizar un entorno m\\u00e1s confortable y saludable, as\\u00ed como un beneficio para los usuarios.<\\\/p>\\n\n\n<p>Nuestros aislantes estrella se eligen cuidadosamente para que funcionen como un bloqueo t\\u00e9rmico de las p\\u00e9rdidas de la arquitectura antigua o mal apantallada, y se caracterizan por un elevado coeficiente de aislamiento t\\u00e9rmico y ac\\u00fastico, as\\u00ed como por una larga vida \\u00fatil. Distribuimos en todo el pa\\u00eds desde 2015 gracias a una red de agentes especializada y en constante crecimiento.<\\\/p>\\n\n\n<p>Sabemos que elegir el sistema de aislamiento t\\u00e9rmico adecuado para tu vivienda o edificio puede ser dif\\u00edcil. Por eso nos comprometemos a ofrecer a nuestros clientes la m\\u00e1xima transparencia, proporcionando informaci\\u00f3n detallada sobre nuestros productos y asegurando las m\\u00e1ximas garant\\u00edas de durabilidad y certificaciones de rendimiento.<\\\/p>\\n\n\n<p>Somos conscientes del impacto medioambiental de los materiales utilizados en el mundo de la construcci\\u00f3n, y por eso ofrecemos materiales respetuosos con el medio ambiente, o muy sostenibles, como alternativa sin comprometer la salud de nuestro planeta.<\\\/p>\\n\n\n<p>Pafile puede garantizar una vida \\u00fatil m\\u00ednima de 10 a\\u00f1os para sus productos y, en caso contrario, est\\u00e1 dispuesta a ofrecer un servicio inmediato para garantizar la m\\u00e1xima satisfacci\\u00f3n del cliente.<\\\/p>\",\"margin\":\"default\"},\"name\":\"Testo descrittivo\"}]}]}],\"name\":\"Descrizione prodotto\"},{\"type\":\"section\",\"props\":{\"class\":\"bg-sfumato\",\"image_position\":\"center-center\",\"style\":\"default\",\"title_breakpoint\":\"xl\",\"title_position\":\"top-left\",\"title_rotation\":\"left\",\"vertical_align\":\"middle\",\"width\":\"small\"},\"children\":[{\"type\":\"row\",\"children\":[{\"type\":\"column\",\"props\":{\"image_position\":\"center-center\",\"position_sticky_breakpoint\":\"m\"},\"children\":[{\"type\":\"html\",\"props\":{\"content\":\"\n\n<div class=\\\"media video container\\\">\\n<iframe src=\\\"https:\\\/\\\/www.youtube.com\\\/embed\\\/9X_HiLZaPdY?si=MKITEBkLDg7jXp4w\\\" title=\\\"YouTube video player\\\" frameborder=\\\"0\\\" allow=\\\"accelerometer; autoplay; clipboard-write; encrypted-media; gyroscope; picture-in-picture; web-share\\\" referrerpolicy=\\\"strict-origin-when-cross-origin\\\" allowfullscreen><\\\/iframe>\\n<\\\/div>\"}}]}]}],\"name\":\"Video\"},{\"type\":\"section\",\"props\":{\"class\":\"bg-sfumato\",\"image_position\":\"center-center\",\"padding_remove_bottom\":true,\"padding_remove_top\":false,\"style\":\"default\",\"title_breakpoint\":\"xl\",\"title_position\":\"top-left\",\"title_rotation\":\"left\",\"vertical_align\":\"middle\",\"width\":\"\"},\"children\":[{\"type\":\"row\",\"children\":[{\"type\":\"column\",\"props\":{\"image_position\":\"center-center\",\"position_sticky_breakpoint\":\"m\"},\"children\":[{\"type\":\"module\",\"props\":{\"menu_image_align\":\"center\",\"menu_image_margin\":true,\"menu_style\":\"default\",\"menu_type\":\"nav\",\"type\":\"builderwidget\",\"widget\":\"builderwidget-7\"},\"name\":\"Modulo prodotti esp\"}]}]}],\"name\":\"MODULO PRODOTTI ESP\"}],\"version\":\"4.3.5\"} --><\/p>\n","protected":false},"excerpt":{"rendered":"<p>PAFILE SRL Nos dirigimos a quienes desean aumentar su negocio con sistemas de aislamiento de alta calidad y rendimiento duradero. Nuestra empresa produce y selecciona sistemas de aislamiento t\u00e9rmico dise\u00f1ados para profesionales de la nueva construcci\u00f3n e ideales para todos aquellos edificios que requieran un ahorro energ\u00e9tico concreto y eficaz, de modo que se pueda [&hellip;]<\/p>\n","protected":false},"author":1,"featured_media":0,"parent":0,"menu_order":0,"comment_status":"closed","ping_status":"closed","template":"","meta":{"footnotes":""},"class_list":["post-925","page","type-page","status-publish","hentry"],"_links":{"self":[{"href":"https:\/\/pafile.it\/es\/wp-json\/wp\/v2\/pages\/925","targetHints":{"allow":["GET"]}}],"collection":[{"href":"https:\/\/pafile.it\/es\/wp-json\/wp\/v2\/pages"}],"about":[{"href":"https:\/\/pafile.it\/es\/wp-json\/wp\/v2\/types\/page"}],"author":[{"embeddable":true,"href":"https:\/\/pafile.it\/es\/wp-json\/wp\/v2\/users\/1"}],"replies":[{"embeddable":true,"href":"https:\/\/pafile.it\/es\/wp-json\/wp\/v2\/comments?post=925"}],"version-history":[{"count":8,"href":"https:\/\/pafile.it\/es\/wp-json\/wp\/v2\/pages\/925\/revisions"}],"predecessor-version":[{"id":1449,"href":"https:\/\/pafile.it\/es\/wp-json\/wp\/v2\/pages\/925\/revisions\/1449"}],"wp:attachment":[{"href":"https:\/\/pafile.it\/es\/wp-json\/wp\/v2\/media?parent=925"}],"curies":[{"name":"wp","href":"https:\/\/api.w.org\/{rel}","templated":true}]}}