{"id":928,"date":"2024-01-29T19:36:20","date_gmt":"2024-01-29T18:36:20","guid":{"rendered":"https:\/\/pafile.it\/tapon-thermo\/"},"modified":"2024-09-13T13:14:31","modified_gmt":"2024-09-13T11:14:31","slug":"thermo-cap","status":"publish","type":"page","link":"https:\/\/pafile.it\/es\/thermo-cap\/","title":{"rendered":"THERMO CAP\u00ae"},"content":{"rendered":"<div>\n\n<div class=\"slideshow testata\" uk-slideshow=\"animation: fade;autoplay-interval: 5000\">\n\n    <div class=\"uk-position-relative uk-visible-toggle\">\n\n        <ul class=\"uk-slideshow-items \" >\n        \n            <li>\n\n                \n                    \n                                        <div class=\"uk-margin\"><div class=\"slide\">\n<img decoding=\"async\" class=\"sfondo\" src=\"\/wp-content\/uploads\/images\/testata-cappotto.jpg\" \/>\n<\/div><\/div>\n                    \n                    \n                \n            <\/li>\n\n                <\/ul>\n\n        \n                        <div class=\"uk-light\">\n            \n                <a href=\"#\" class=\"uk-position-center-left uk-position-small uk-hidden-hover\" uk-slidenav-previous uk-slideshow-item=\"previous\"><\/a>\n                <a href=\"#\" class=\"uk-position-center-right uk-position-small uk-hidden-hover\" uk-slidenav-next uk-slideshow-item=\"next\"><\/a>\n\n                        <\/div>\n            \n        \n                <div class=\"uk-overlay uk-position-bottom uk-light\">\n            \n<ul class=\"uk-dotnav uk-flex-center\" uk-margin>\n    <li uk-slideshow-item=\"0\"><a href=\"#\">1<\/a><\/li>\n<\/ul>\n        <\/div>\n        \n    <\/div>\n\n    \n<\/div>\n<\/div>\n<p><img decoding=\"async\" src=\"\/wp-content\/uploads\/2024\/01\/ManualeThermoCAP.jpg\" alt=\"\"><\/p>\n<h1>Thermo Cap\u00ae<\/h1>\n<div>\n<p><strong>El confort en la vivienda es un requisito ineludible.<\/strong><\/p>\n<p>Hoy en d\u00eda, los entornos cotidianos deben estar protegidos del calor y el fr\u00edo, los cambios bruscos de temperatura, la humedad perjudicial, el moho y la condensaci\u00f3n. Los nuevos materiales y las nuevas tecnolog\u00edas permiten ahora habitar edificios con un alto valor a\u00f1adido en t\u00e9rminos de salubridad y bienestar.<\/p>\n<p>Thermo Cap es el <strong>sistema de aislamiento t\u00e9rmico desarrollado por Pafile<\/strong>.<\/p>\n<p>Paneles aislantes de Fibra de Madera, Lana de Roca, Fibra de C\u00e1\u00f1amo, EPS, EPS con Grafito, combinados con el adhesivo de alta calidad de Thermo Koll y el enlucido y los nuevos accesorios para el montaje, componen la gama completa para el aislamiento de edificios existentes o de nueva construcci\u00f3n.<\/p>\n<p><strong>El sistema Thermo Cap<\/strong>:<\/p>\n<ul class=\"elenco\" style=\"margin-top:-1em;\">\n<li>optimiza y regula los factores que determinan un ambiente clim\u00e1tico ideal.<\/li>\n<li>optimiza y regula los factores que determinan un ambiente clim\u00e1tico ideal.<\/li>\n<li>asegura una reducci\u00f3n significativa del calor disipado, garantizando una reducci\u00f3n del consumo de combustible y generando as\u00ed un ahorro continuo a lo largo del tiempo.<\/li>\n<li>es uno de los ciclos de construcci\u00f3n con mayor contenido ecol\u00f3gico, presentando una extraordinaria relaci\u00f3n entre costes medioambientales y prestaciones.<\/li>\n<\/ul>\n<\/p>\n<p style=\"display:none;\"><a href=\"\/files\/Catalogo-Thermo-Dry-2023.pdf\" class=\"el-link uk-button uk-button-primary\">Certificato CAM <span class=\"icon-pdf\"><\/span><\/a> <a href=\"\/files\/Catalogo-Thermo-Dry-2023.pdf\" class=\"el-link uk-button uk-button-primary\">Catalogo <span class=\"icon-pdf\"><\/span><\/a><\/p>\n<\/div>\n<p><!--more--><br \/>\n<!-- {\"type\":\"layout\",\"children\":[{\"type\":\"section\",\"props\":{\"image_position\":\"center-center\",\"padding\":\"none\",\"style\":\"default\",\"title_breakpoint\":\"xl\",\"title_position\":\"top-left\",\"title_rotation\":\"left\",\"vertical_align\":\"middle\",\"width\":\"\"},\"children\":[{\"type\":\"row\",\"children\":[{\"type\":\"column\",\"props\":{\"image_position\":\"center-center\",\"position_sticky_breakpoint\":\"m\"},\"children\":[{\"type\":\"html\",\"props\":{\"content\":\"[widgetkit id=\\\"23\\\"]\"}}]}]}],\"name\":\"Testata\"},{\"type\":\"section\",\"props\":{\"class\":\"prodotto-intro\",\"image_position\":\"center-center\",\"style\":\"default\",\"title_breakpoint\":\"xl\",\"title_position\":\"top-left\",\"title_rotation\":\"left\",\"vertical_align\":\"middle\",\"width\":\"default\"},\"children\":[{\"type\":\"row\",\"props\":{\"layout\":\"2-5,3-5\",\"match\":false},\"children\":[{\"type\":\"column\",\"props\":{\"image_position\":\"top-left\",\"position_sticky_breakpoint\":\"m\",\"width_medium\":\"2-5\"},\"children\":[{\"type\":\"image\",\"props\":{\"image\":\"wp-content\\\/uploads\\\/2024\\\/01\\\/ManualeThermoCAP.jpg\",\"image_svg_color\":\"emphasis\",\"margin\":\"default\"}}]},{\"type\":\"column\",\"props\":{\"class\":\"descrizione\",\"image_position\":\"center-center\",\"position_sticky_breakpoint\":\"m\",\"width_medium\":\"3-5\"},\"children\":[{\"type\":\"headline\",\"props\":{\"content\":\"Thermo Cap\\u00ae\",\"title_element\":\"h1\"},\"name\":\"Nome prodotto\"},{\"type\":\"text\",\"props\":{\"column_breakpoint\":\"m\",\"content\":\"\n\n<p><strong>El confort en la vivienda es un requisito ineludible.<\\\/strong><\\\/p>\\n\n\n<p>Hoy en d\\u00eda, los entornos cotidianos deben estar protegidos del calor y el fr\\u00edo, los cambios bruscos de temperatura, la humedad perjudicial, el moho y la condensaci\\u00f3n. Los nuevos materiales y las nuevas tecnolog\\u00edas permiten ahora habitar edificios con un alto valor a\\u00f1adido en t\\u00e9rminos de salubridad y bienestar.<\\\/p>\\n\n\n<p>Thermo Cap es el <strong>sistema de aislamiento t\\u00e9rmico desarrollado por Pafile<\\\/strong>.<\\\/p>\\n\n\n<p>Paneles aislantes de Fibra de Madera, Lana de Roca, Fibra de C\\u00e1\\u00f1amo, EPS, EPS con Grafito, combinados con el adhesivo de alta calidad de Thermo Koll y el enlucido y los nuevos accesorios para el montaje, componen la gama completa para el aislamiento de edificios existentes o de nueva construcci\\u00f3n.<\\\/p>\\n\n\n<p><strong>El sistema Thermo Cap<\\\/strong>:<\\\/p>\\n\n\n<ul class=\\\"elenco\\\" style=\\\"margin-top:-1em;\\\">\\n    \n\n<li>optimiza y regula los factores que determinan un ambiente clim\\u00e1tico ideal.<\\\/li>\\n    \n\n<li>optimiza y regula los factores que determinan un ambiente clim\\u00e1tico ideal.<\\\/li>\\n    \n\n<li>asegura una reducci\\u00f3n significativa del calor disipado, garantizando una reducci\\u00f3n del consumo de combustible y generando as\\u00ed un ahorro continuo a lo largo del tiempo.<\\\/li>\\n    \n\n<li>es uno de los ciclos de construcci\\u00f3n con mayor contenido ecol\\u00f3gico, presentando una extraordinaria relaci\\u00f3n entre costes medioambientales y prestaciones.<\\\/li>\\n    <\\\/ul>\\n\n\n<p><\\\/p>\\n\n\n<p><\\\/p>\\n\n\n<p style=\\\"display:none;\\\"><a href=\\\"files\\\/Catalogo-Thermo-Dry-2023.pdf\\\" class=\\\"el-link uk-button uk-button-primary\\\">Certificato CAM <span class=\\\"icon-pdf\\\"><\\\/span><\\\/a> <a href=\\\"files\\\/Catalogo-Thermo-Dry-2023.pdf\\\" class=\\\"el-link uk-button uk-button-primary\\\">Catalogo <span class=\\\"icon-pdf\\\"><\\\/span><\\\/a><\\\/p>\",\"margin\":\"default\"},\"name\":\"Testo descrittivo\"}]}]}],\"name\":\"Descrizione prodotto\"},{\"type\":\"section\",\"props\":{\"class\":\"bg-sfumato\",\"image_position\":\"center-center\",\"padding_remove_bottom\":true,\"padding_remove_top\":false,\"style\":\"default\",\"title_breakpoint\":\"xl\",\"title_position\":\"top-left\",\"title_rotation\":\"left\",\"vertical_align\":\"middle\",\"width\":\"\"},\"children\":[{\"type\":\"row\",\"children\":[{\"type\":\"column\",\"props\":{\"image_position\":\"center-center\",\"position_sticky_breakpoint\":\"m\"},\"children\":[{\"type\":\"module\",\"props\":{\"menu_image_align\":\"center\",\"menu_image_margin\":true,\"menu_style\":\"default\",\"menu_type\":\"nav\",\"type\":\"builderwidget\",\"widget\":\"builderwidget-7\"},\"name\":\"Modulo prodotti esp\"}]}]}],\"name\":\"MODULO PRODOTTI ESP\"}],\"version\":\"4.3.5\"} --><\/p>\n","protected":false},"excerpt":{"rendered":"<p>Thermo Cap\u00ae El confort en la vivienda es un requisito ineludible. Hoy en d\u00eda, los entornos cotidianos deben estar protegidos del calor y el fr\u00edo, los cambios bruscos de temperatura, la humedad perjudicial, el moho y la condensaci\u00f3n. Los nuevos materiales y las nuevas tecnolog\u00edas permiten ahora habitar edificios con un alto valor a\u00f1adido en [&hellip;]<\/p>\n","protected":false},"author":1,"featured_media":0,"parent":0,"menu_order":0,"comment_status":"closed","ping_status":"closed","template":"","meta":{"footnotes":""},"class_list":["post-928","page","type-page","status-publish","hentry"],"_links":{"self":[{"href":"https:\/\/pafile.it\/es\/wp-json\/wp\/v2\/pages\/928","targetHints":{"allow":["GET"]}}],"collection":[{"href":"https:\/\/pafile.it\/es\/wp-json\/wp\/v2\/pages"}],"about":[{"href":"https:\/\/pafile.it\/es\/wp-json\/wp\/v2\/types\/page"}],"author":[{"embeddable":true,"href":"https:\/\/pafile.it\/es\/wp-json\/wp\/v2\/users\/1"}],"replies":[{"embeddable":true,"href":"https:\/\/pafile.it\/es\/wp-json\/wp\/v2\/comments?post=928"}],"version-history":[{"count":6,"href":"https:\/\/pafile.it\/es\/wp-json\/wp\/v2\/pages\/928\/revisions"}],"predecessor-version":[{"id":1092,"href":"https:\/\/pafile.it\/es\/wp-json\/wp\/v2\/pages\/928\/revisions\/1092"}],"wp:attachment":[{"href":"https:\/\/pafile.it\/es\/wp-json\/wp\/v2\/media?parent=928"}],"curies":[{"name":"wp","href":"https:\/\/api.w.org\/{rel}","templated":true}]}}